{"id":2305,"date":"2024-06-26T13:33:14","date_gmt":"2024-06-26T16:33:14","guid":{"rendered":"https:\/\/powerembedded.com.br\/blog\/?page_id=2305"},"modified":"2024-09-09T11:14:27","modified_gmt":"2024-09-09T14:14:27","slug":"ajuda-aplicativo","status":"publish","type":"page","link":"https:\/\/powerembedded.com.br\/blog\/ajuda-aplicativo\/","title":{"rendered":"Ajuda &#8211; Aplicativo"},"content":{"rendered":"\t\t<div data-elementor-type=\"wp-page\" data-elementor-id=\"2305\" class=\"elementor elementor-2305\" data-elementor-post-type=\"page\">\n\t\t\t\t\t\t<section class=\"elementor-section elementor-top-section elementor-element elementor-element-61f4b38 elementor-section-boxed elementor-section-height-default elementor-section-height-default\" data-id=\"61f4b38\" data-element_type=\"section\" data-e-type=\"section\">\n\t\t\t\t\t\t<div class=\"elementor-container elementor-column-gap-default\">\n\t\t\t\t\t<div class=\"elementor-column elementor-col-100 elementor-top-column elementor-element elementor-element-b2a06ea\" data-id=\"b2a06ea\" data-element_type=\"column\" data-e-type=\"column\">\n\t\t\t<div class=\"elementor-widget-wrap elementor-element-populated\">\n\t\t\t\t\t\t<div class=\"elementor-element elementor-element-83c2c30 elementor-widget elementor-widget-heading\" data-id=\"83c2c30\" data-element_type=\"widget\" data-e-type=\"widget\" data-widget_type=\"heading.default\">\n\t\t\t\t<div class=\"elementor-widget-container\">\n\t\t\t\t\t<h2 class=\"elementor-heading-title elementor-size-default\">Aplicativo<\/h2>\t\t\t\t<\/div>\n\t\t\t\t<\/div>\n\t\t\t\t<div class=\"elementor-element elementor-element-5611b1c elementor-widget elementor-widget-text-editor\" data-id=\"5611b1c\" data-element_type=\"widget\" data-e-type=\"widget\" data-widget_type=\"text-editor.default\">\n\t\t\t\t<div class=\"elementor-widget-container\">\n\t\t\t\t\t\t\t\t\t<p><span style=\"color: #000000;\">O &#8220;modo de compartilhamento de aplicativo&#8221; no Power Embedded refere-se ao m\u00e9todo pelo qual voc\u00ea compartilha conte\u00fado, como relat\u00f3rios, dashboards e relat\u00f3rios externos, tanto dentro quanto fora da sua organiza\u00e7\u00e3o. Esta funcionalidade \u00e9 similar ao que existe no Power BI, mas inclui algumas fun\u00e7\u00f5es extras como o modo TV e seguran\u00e7a a n\u00edvel de p\u00e1gina.<\/span><\/p>\t\t\t\t\t\t\t\t<\/div>\n\t\t\t\t<\/div>\n\t\t\t\t<div class=\"elementor-element elementor-element-3e4ce46 elementor-widget elementor-widget-image-carousel\" data-id=\"3e4ce46\" data-element_type=\"widget\" data-e-type=\"widget\" data-settings=\"{&quot;navigation&quot;:&quot;none&quot;,&quot;autoplay_speed&quot;:1800,&quot;slides_to_show&quot;:&quot;1&quot;,&quot;effect&quot;:&quot;fade&quot;,&quot;speed&quot;:700,&quot;autoplay&quot;:&quot;yes&quot;,&quot;pause_on_hover&quot;:&quot;yes&quot;,&quot;pause_on_interaction&quot;:&quot;yes&quot;,&quot;infinite&quot;:&quot;yes&quot;}\" data-widget_type=\"image-carousel.default\">\n\t\t\t\t<div class=\"elementor-widget-container\">\n\t\t\t\t\t\t\t<div class=\"elementor-image-carousel-wrapper swiper\" role=\"region\" aria-roledescription=\"carousel\" aria-label=\"Carrossel de imagens\" dir=\"ltr\">\n\t\t\t<div class=\"elementor-image-carousel swiper-wrapper\" aria-live=\"off\">\n\t\t\t\t\t\t\t\t<div class=\"swiper-slide\" role=\"group\" aria-roledescription=\"slide\" aria-label=\"1 de 3\"><figure class=\"swiper-slide-inner\"><img decoding=\"async\" class=\"swiper-slide-image\" src=\"https:\/\/powerembedded.com.br\/blog\/wp-content\/uploads\/2024\/06\/Financeiro.png\" alt=\"Financeiro\" \/><\/figure><\/div><div class=\"swiper-slide\" role=\"group\" aria-roledescription=\"slide\" aria-label=\"2 de 3\"><figure class=\"swiper-slide-inner\"><img decoding=\"async\" class=\"swiper-slide-image\" src=\"https:\/\/powerembedded.com.br\/blog\/wp-content\/uploads\/2024\/07\/Relatorio-1.png\" alt=\"Relatorio 1\" \/><\/figure><\/div><div class=\"swiper-slide\" role=\"group\" aria-roledescription=\"slide\" aria-label=\"3 de 3\"><figure class=\"swiper-slide-inner\"><img decoding=\"async\" class=\"swiper-slide-image\" src=\"https:\/\/powerembedded.com.br\/blog\/wp-content\/uploads\/2024\/07\/relatorio-2.png\" alt=\"relatorio 2\" \/><\/figure><\/div>\t\t\t<\/div>\n\t\t\t\t\t\t\t\n\t\t\t\t\t\t\t\t\t<\/div>\n\t\t\t\t\t\t<\/div>\n\t\t\t\t<\/div>\n\t\t\t\t<div class=\"elementor-element elementor-element-63ccd1c elementor-widget elementor-widget-text-editor\" data-id=\"63ccd1c\" data-element_type=\"widget\" data-e-type=\"widget\" data-widget_type=\"text-editor.default\">\n\t\t\t\t<div class=\"elementor-widget-container\">\n\t\t\t\t\t\t\t\t\t<p><span style=\"color: #000000;\"><strong>Artefatos &gt; Aplicativos &gt;Criar Aplicativo<\/strong><\/span><\/p><p><img fetchpriority=\"high\" decoding=\"async\" class=\"alignnone size-full wp-image-2310\" src=\"https:\/\/powerembedded.com.br\/blog\/wp-content\/uploads\/2024\/06\/criar-novo.png\" alt=\"\" width=\"1319\" height=\"301\" srcset=\"https:\/\/powerembedded.com.br\/blog\/wp-content\/uploads\/2024\/06\/criar-novo.png 1319w, https:\/\/powerembedded.com.br\/blog\/wp-content\/uploads\/2024\/06\/criar-novo-300x68.png 300w, https:\/\/powerembedded.com.br\/blog\/wp-content\/uploads\/2024\/06\/criar-novo-1024x234.png 1024w, https:\/\/powerembedded.com.br\/blog\/wp-content\/uploads\/2024\/06\/criar-novo-768x175.png 768w, https:\/\/powerembedded.com.br\/blog\/wp-content\/uploads\/2024\/06\/criar-novo-18x4.png 18w\" sizes=\"(max-width: 1319px) 100vw, 1319px\" \/><\/p><p><span style=\"color: #000000;\">Ao clicar em criar novo aplicativo ser\u00e1 redirecionado para aba de cria\u00e7\u00e3o e definir as configura\u00e7\u00f5es.<\/span><\/p>\t\t\t\t\t\t\t\t<\/div>\n\t\t\t\t<\/div>\n\t\t\t\t<div class=\"elementor-element elementor-element-94699c1 elementor-tabs-view-horizontal elementor-widget elementor-widget-tabs\" data-id=\"94699c1\" data-element_type=\"widget\" data-e-type=\"widget\" data-widget_type=\"tabs.default\">\n\t\t\t\t<div class=\"elementor-widget-container\">\n\t\t\t\t\t\t\t<div class=\"elementor-tabs\">\n\t\t\t<div class=\"elementor-tabs-wrapper\" role=\"tablist\" >\n\t\t\t\t\t\t\t\t\t<div id=\"elementor-tab-title-1551\" class=\"elementor-tab-title elementor-tab-desktop-title\" aria-selected=\"true\" data-tab=\"1\" role=\"tab\" tabindex=\"0\" aria-controls=\"elementor-tab-content-1551\" aria-expanded=\"false\">Geral<\/div>\n\t\t\t\t\t\t\t\t\t<div id=\"elementor-tab-title-1552\" class=\"elementor-tab-title elementor-tab-desktop-title\" aria-selected=\"false\" data-tab=\"2\" role=\"tab\" tabindex=\"-1\" aria-controls=\"elementor-tab-content-1552\" aria-expanded=\"false\">Cat\u00e1logo de relat\u00f3rios<\/div>\n\t\t\t\t\t\t\t\t\t<div id=\"elementor-tab-title-1553\" class=\"elementor-tab-title elementor-tab-desktop-title\" aria-selected=\"false\" data-tab=\"3\" role=\"tab\" tabindex=\"-1\" aria-controls=\"elementor-tab-content-1553\" aria-expanded=\"false\">Modo TV<\/div>\n\t\t\t\t\t\t\t\t\t<div id=\"elementor-tab-title-1554\" class=\"elementor-tab-title elementor-tab-desktop-title\" aria-selected=\"false\" data-tab=\"4\" role=\"tab\" tabindex=\"-1\" aria-controls=\"elementor-tab-content-1554\" aria-expanded=\"false\">Relat\u00f3rios<\/div>\n\t\t\t\t\t\t\t\t\t<div id=\"elementor-tab-title-1555\" class=\"elementor-tab-title elementor-tab-desktop-title\" aria-selected=\"false\" data-tab=\"5\" role=\"tab\" tabindex=\"-1\" aria-controls=\"elementor-tab-content-1555\" aria-expanded=\"false\">Grupos<\/div>\n\t\t\t\t\t\t\t\t\t<div id=\"elementor-tab-title-1556\" class=\"elementor-tab-title elementor-tab-desktop-title\" aria-selected=\"false\" data-tab=\"6\" role=\"tab\" tabindex=\"-1\" aria-controls=\"elementor-tab-content-1556\" aria-expanded=\"false\">Usu\u00e1rios<\/div>\n\t\t\t\t\t\t\t\t\t<div id=\"elementor-tab-title-1557\" class=\"elementor-tab-title elementor-tab-desktop-title\" aria-selected=\"false\" data-tab=\"7\" role=\"tab\" tabindex=\"-1\" aria-controls=\"elementor-tab-content-1557\" aria-expanded=\"false\">Pasta<\/div>\n\t\t\t\t\t\t\t\t\t<div id=\"elementor-tab-title-1558\" class=\"elementor-tab-title elementor-tab-desktop-title\" aria-selected=\"false\" data-tab=\"8\" role=\"tab\" tabindex=\"-1\" aria-controls=\"elementor-tab-content-1558\" aria-expanded=\"false\">Empresas<\/div>\n\t\t\t\t\t\t\t\t\t<div id=\"elementor-tab-title-1559\" class=\"elementor-tab-title elementor-tab-desktop-title\" aria-selected=\"false\" data-tab=\"9\" role=\"tab\" tabindex=\"-1\" aria-controls=\"elementor-tab-content-1559\" aria-expanded=\"false\">Personaliza\u00e7\u00e3o<\/div>\n\t\t\t\t\t\t\t<\/div>\n\t\t\t<div class=\"elementor-tabs-content-wrapper\" role=\"tablist\" aria-orientation=\"vertical\">\n\t\t\t\t\t\t\t\t\t<div class=\"elementor-tab-title elementor-tab-mobile-title\" aria-selected=\"true\" data-tab=\"1\" role=\"tab\" tabindex=\"0\" aria-controls=\"elementor-tab-content-1551\" aria-expanded=\"false\">Geral<\/div>\n\t\t\t\t\t<div id=\"elementor-tab-content-1551\" class=\"elementor-tab-content elementor-clearfix\" data-tab=\"1\" role=\"tabpanel\" aria-labelledby=\"elementor-tab-title-1551\" tabindex=\"0\" hidden=\"false\"><p><span style=\"color: #000000;\">Em geral voc\u00ea faz as configura\u00e7\u00f5es pr\u00e9vias do aplicativo, como: Nome, descri\u00e7\u00e3o e atribui um respons\u00e1vel para ele.<\/span><\/p><p><span style=\"color: #000000;\"><img decoding=\"async\" class=\"alignnone size-full wp-image-2311\" src=\"https:\/\/powerembedded.com.br\/blog\/wp-content\/uploads\/2024\/06\/geral.png\" alt=\"\" width=\"1306\" height=\"462\" srcset=\"https:\/\/powerembedded.com.br\/blog\/wp-content\/uploads\/2024\/06\/geral.png 1306w, https:\/\/powerembedded.com.br\/blog\/wp-content\/uploads\/2024\/06\/geral-300x106.png 300w, https:\/\/powerembedded.com.br\/blog\/wp-content\/uploads\/2024\/06\/geral-1024x362.png 1024w, https:\/\/powerembedded.com.br\/blog\/wp-content\/uploads\/2024\/06\/geral-768x272.png 768w, https:\/\/powerembedded.com.br\/blog\/wp-content\/uploads\/2024\/06\/geral-18x6.png 18w\" sizes=\"(max-width: 1306px) 100vw, 1306px\" \/><\/span><\/p><\/div>\n\t\t\t\t\t\t\t\t\t<div class=\"elementor-tab-title elementor-tab-mobile-title\" aria-selected=\"false\" data-tab=\"2\" role=\"tab\" tabindex=\"-1\" aria-controls=\"elementor-tab-content-1552\" aria-expanded=\"false\">Cat\u00e1logo de relat\u00f3rios<\/div>\n\t\t\t\t\t<div id=\"elementor-tab-content-1552\" class=\"elementor-tab-content elementor-clearfix\" data-tab=\"2\" role=\"tabpanel\" aria-labelledby=\"elementor-tab-title-1552\" tabindex=\"0\" hidden=\"hidden\"><p><span style=\"color: #000000;\">Cat\u00e1logo de relat\u00f3rios uma ferramenta de descoberta que lista todos os relat\u00f3rios da sua empresa aos quais os usu\u00e1rios n\u00e3o ter\u00e3o acesso imediato. Isso possibilita que o usu\u00e1rio conhe\u00e7a esses relat\u00f3rios atrav\u00e9s de uma descri\u00e7\u00e3o e solicite acesso, caso sejam relevantes para suas atividades di\u00e1rias.<\/span> <a href=\"https:\/\/powerembedded.com.br\/ajuda-portal-de-relatorios\/\">Ajuda \u2013 Portal de Relat\u00f3rios<\/a><\/p><p><img decoding=\"async\" class=\"alignnone size-full wp-image-2312\" src=\"https:\/\/powerembedded.com.br\/blog\/wp-content\/uploads\/2024\/06\/catalogo-de-relatorios-1.png\" alt=\"\" width=\"1318\" height=\"669\" srcset=\"https:\/\/powerembedded.com.br\/blog\/wp-content\/uploads\/2024\/06\/catalogo-de-relatorios-1.png 1318w, https:\/\/powerembedded.com.br\/blog\/wp-content\/uploads\/2024\/06\/catalogo-de-relatorios-1-300x152.png 300w, https:\/\/powerembedded.com.br\/blog\/wp-content\/uploads\/2024\/06\/catalogo-de-relatorios-1-1024x520.png 1024w, https:\/\/powerembedded.com.br\/blog\/wp-content\/uploads\/2024\/06\/catalogo-de-relatorios-1-768x390.png 768w, https:\/\/powerembedded.com.br\/blog\/wp-content\/uploads\/2024\/06\/catalogo-de-relatorios-1-18x9.png 18w\" sizes=\"(max-width: 1318px) 100vw, 1318px\" \/><\/p><\/div>\n\t\t\t\t\t\t\t\t\t<div class=\"elementor-tab-title elementor-tab-mobile-title\" aria-selected=\"false\" data-tab=\"3\" role=\"tab\" tabindex=\"-1\" aria-controls=\"elementor-tab-content-1553\" aria-expanded=\"false\">Modo TV<\/div>\n\t\t\t\t\t<div id=\"elementor-tab-content-1553\" class=\"elementor-tab-content elementor-clearfix\" data-tab=\"3\" role=\"tabpanel\" aria-labelledby=\"elementor-tab-title-1553\" tabindex=\"0\" hidden=\"hidden\"><p><span style=\"color: #000000;\">Ao Habiltar o modo TV \u00e9 poss\u00edvel com o que o aplicativo seja exibido em uma SmartTV sem precisa estar conectado ao um computador.<\/span><\/p><p><img loading=\"lazy\" decoding=\"async\" class=\"alignnone size-full wp-image-2335\" src=\"https:\/\/powerembedded.com.br\/blog\/wp-content\/uploads\/2024\/06\/APP.png\" alt=\"\" width=\"1018\" height=\"366\" srcset=\"https:\/\/powerembedded.com.br\/blog\/wp-content\/uploads\/2024\/06\/APP.png 1018w, https:\/\/powerembedded.com.br\/blog\/wp-content\/uploads\/2024\/06\/APP-300x108.png 300w, https:\/\/powerembedded.com.br\/blog\/wp-content\/uploads\/2024\/06\/APP-768x276.png 768w, https:\/\/powerembedded.com.br\/blog\/wp-content\/uploads\/2024\/06\/APP-18x6.png 18w\" sizes=\"(max-width: 1018px) 100vw, 1018px\" \/><\/p><p><span style=\"color: #000000;\">Essa funcionalidade \u00e9 exibida no modo slideshow, que permite intera\u00e7\u00e3o entre os relat\u00f3rios, como no exemplo inicial. Para ativ\u00e1-la, basta habilitar e definir um intervalo de tempo entre esses relat\u00f3rios.<\/span><\/p><p><span style=\"color: #000000;\">Logo abaixo existe algumas permiss\u00f5es que podem ser habilitadas.<\/span><\/p><p><span style=\"color: #000000;\"><strong>Atualizar visuais:<\/strong> Ative essa op\u00e7\u00e3o do app para atualizar os visuais logo depois que os relat\u00f3rios forem abertos.<\/span><\/p><p><span style=\"color: #000000;\"><strong>Atualizar conjunto de dados: <\/strong>Ative esta op\u00e7\u00e3o do app para atualizar os conjuntos de dados logo depois que os relat\u00f3rios forem abertos.<\/span><\/p><\/div>\n\t\t\t\t\t\t\t\t\t<div class=\"elementor-tab-title elementor-tab-mobile-title\" aria-selected=\"false\" data-tab=\"4\" role=\"tab\" tabindex=\"-1\" aria-controls=\"elementor-tab-content-1554\" aria-expanded=\"false\">Relat\u00f3rios<\/div>\n\t\t\t\t\t<div id=\"elementor-tab-content-1554\" class=\"elementor-tab-content elementor-clearfix\" data-tab=\"4\" role=\"tabpanel\" aria-labelledby=\"elementor-tab-title-1554\" tabindex=\"0\" hidden=\"hidden\"><p><span style=\"color: #000000;\">Nesse menu, \u00e9 poss\u00edvel importar os relat\u00f3rios para dentro do aplicativo e escolher a posi\u00e7\u00e3o e at\u00e9 quais abas do relat\u00f3rios voc\u00ea gostaria de mostrar .<br \/><br \/><\/span><\/p><p><span style=\"color: #000000;\"><img loading=\"lazy\" decoding=\"async\" class=\"alignnone size-full wp-image-2319\" src=\"https:\/\/powerembedded.com.br\/blog\/wp-content\/uploads\/2024\/06\/adicionar-relatorios.png\" alt=\"\" width=\"1323\" height=\"500\" srcset=\"https:\/\/powerembedded.com.br\/blog\/wp-content\/uploads\/2024\/06\/adicionar-relatorios.png 1323w, https:\/\/powerembedded.com.br\/blog\/wp-content\/uploads\/2024\/06\/adicionar-relatorios-300x113.png 300w, https:\/\/powerembedded.com.br\/blog\/wp-content\/uploads\/2024\/06\/adicionar-relatorios-1024x387.png 1024w, https:\/\/powerembedded.com.br\/blog\/wp-content\/uploads\/2024\/06\/adicionar-relatorios-768x290.png 768w, https:\/\/powerembedded.com.br\/blog\/wp-content\/uploads\/2024\/06\/adicionar-relatorios-18x7.png 18w\" sizes=\"(max-width: 1323px) 100vw, 1323px\" \/><\/span><\/p><p><span style=\"color: #000000;\">No bot\u00e3o de a\u00e7\u00f5es, \u00e9 dispon\u00edvel algumas funcionalidades.<\/span><\/p><p><span style=\"color: #000000;\"><img loading=\"lazy\" decoding=\"async\" class=\"alignnone size-full wp-image-2320\" src=\"https:\/\/powerembedded.com.br\/blog\/wp-content\/uploads\/2024\/06\/acoes-1.png\" alt=\"\" width=\"201\" height=\"258\" srcset=\"https:\/\/powerembedded.com.br\/blog\/wp-content\/uploads\/2024\/06\/acoes-1.png 201w, https:\/\/powerembedded.com.br\/blog\/wp-content\/uploads\/2024\/06\/acoes-1-9x12.png 9w\" sizes=\"(max-width: 201px) 100vw, 201px\" \/><\/span><\/p><p><span style=\"color: #000000;\"><strong>P\u00e1ginas: <\/strong>No nosso aplicativo \u00e9 poss\u00edvel escolher quais abas do relat\u00f3rio voc\u00ea vai disponibilizar.<\/span><\/p><p><span style=\"color: #000000;\"><img loading=\"lazy\" decoding=\"async\" class=\"alignnone size-full wp-image-2321\" src=\"https:\/\/powerembedded.com.br\/blog\/wp-content\/uploads\/2024\/06\/pls.png\" alt=\"\" width=\"788\" height=\"504\" srcset=\"https:\/\/powerembedded.com.br\/blog\/wp-content\/uploads\/2024\/06\/pls.png 788w, https:\/\/powerembedded.com.br\/blog\/wp-content\/uploads\/2024\/06\/pls-300x192.png 300w, https:\/\/powerembedded.com.br\/blog\/wp-content\/uploads\/2024\/06\/pls-768x491.png 768w, https:\/\/powerembedded.com.br\/blog\/wp-content\/uploads\/2024\/06\/pls-18x12.png 18w\" sizes=\"(max-width: 788px) 100vw, 788px\" \/><\/span><\/p><p><span style=\"color: #000000;\"><strong>Mover: <\/strong>Para escolher a posi\u00e7\u00e3o que o relat\u00f3rio ficara dispon\u00edvel no aplicativo.<\/span><\/p><\/div>\n\t\t\t\t\t\t\t\t\t<div class=\"elementor-tab-title elementor-tab-mobile-title\" aria-selected=\"false\" data-tab=\"5\" role=\"tab\" tabindex=\"-1\" aria-controls=\"elementor-tab-content-1555\" aria-expanded=\"false\">Grupos<\/div>\n\t\t\t\t\t<div id=\"elementor-tab-content-1555\" class=\"elementor-tab-content elementor-clearfix\" data-tab=\"5\" role=\"tabpanel\" aria-labelledby=\"elementor-tab-title-1555\" tabindex=\"0\" hidden=\"hidden\"><p><span style=\"color: #000000;\"><strong>Grupos<\/strong><\/span><\/p><p><span style=\"color: #000000;\">Para vincular quais grupos ter\u00e3o acesso a esse aplicativo<\/span>.\u00a0<a href=\"https:\/\/powerembedded.com.br\/ajuda-cadastro-de-grupos-de-acesso\/\">Ajuda \u2013 Cadastro de Grupos de Acesso.<\/a><\/p><\/div>\n\t\t\t\t\t\t\t\t\t<div class=\"elementor-tab-title elementor-tab-mobile-title\" aria-selected=\"false\" data-tab=\"6\" role=\"tab\" tabindex=\"-1\" aria-controls=\"elementor-tab-content-1556\" aria-expanded=\"false\">Usu\u00e1rios<\/div>\n\t\t\t\t\t<div id=\"elementor-tab-content-1556\" class=\"elementor-tab-content elementor-clearfix\" data-tab=\"6\" role=\"tabpanel\" aria-labelledby=\"elementor-tab-title-1556\" tabindex=\"0\" hidden=\"hidden\"><p><span style=\"color: #000000;\"><strong>Usu\u00e1rios<\/strong><\/span><\/p><p><span style=\"color: #000000;\">Para selecionar quem ter\u00e1 acesso ao aplicativo <\/span>.<a href=\"https:\/\/powerembedded.com.br\/ajuda-cadastro-de-usuarios\/\">Ajuda \u2013 Cadastro de Usu\u00e1rios<\/a><\/p><\/div>\n\t\t\t\t\t\t\t\t\t<div class=\"elementor-tab-title elementor-tab-mobile-title\" aria-selected=\"false\" data-tab=\"7\" role=\"tab\" tabindex=\"-1\" aria-controls=\"elementor-tab-content-1557\" aria-expanded=\"false\">Pasta<\/div>\n\t\t\t\t\t<div id=\"elementor-tab-content-1557\" class=\"elementor-tab-content elementor-clearfix\" data-tab=\"7\" role=\"tabpanel\" aria-labelledby=\"elementor-tab-title-1557\" tabindex=\"0\" hidden=\"hidden\"><p><span style=\"color: #000000;\"><strong>Pastas<\/strong><\/span><\/p><p><span style=\"color: #000000;\">Para vincular em qual pasta ou subpasta o aplicativo faz parte<\/span>.<a href=\"https:\/\/powerembedded.com.br\/ajuda-cadastro-de-pastas\/\">Ajuda \u2013 Cadastro de Pastas<\/a><\/p><\/div>\n\t\t\t\t\t\t\t\t\t<div class=\"elementor-tab-title elementor-tab-mobile-title\" aria-selected=\"false\" data-tab=\"8\" role=\"tab\" tabindex=\"-1\" aria-controls=\"elementor-tab-content-1558\" aria-expanded=\"false\">Empresas<\/div>\n\t\t\t\t\t<div id=\"elementor-tab-content-1558\" class=\"elementor-tab-content elementor-clearfix\" data-tab=\"8\" role=\"tabpanel\" aria-labelledby=\"elementor-tab-title-1558\" tabindex=\"0\" hidden=\"hidden\"><p><span style=\"color: #000000;\"><strong>Empresas<\/strong><\/span><\/p><p><span style=\"color: #000000;\">Quais empresas ter\u00e3o acesso ao aplicativo<\/span>.\u00a0<a href=\"https:\/\/powerembedded.com.br\/ajuda-cadastro-de-empresas\/\">Ajuda \u2013 Cadastro de Empresas<\/a><\/p><\/div>\n\t\t\t\t\t\t\t\t\t<div class=\"elementor-tab-title elementor-tab-mobile-title\" aria-selected=\"false\" data-tab=\"9\" role=\"tab\" tabindex=\"-1\" aria-controls=\"elementor-tab-content-1559\" aria-expanded=\"false\">Personaliza\u00e7\u00e3o<\/div>\n\t\t\t\t\t<div id=\"elementor-tab-content-1559\" class=\"elementor-tab-content elementor-clearfix\" data-tab=\"9\" role=\"tabpanel\" aria-labelledby=\"elementor-tab-title-1559\" tabindex=\"0\" hidden=\"hidden\"><p><span style=\"color: #000000;\"><strong>Personaliza\u00e7\u00e3o<\/strong><\/span><\/p><p><span style=\"color: #000000;\">Por padr\u00e3o ao criar\u00a0 um aplicativo ele vem personalizado com o\u00a0 \u00edcone padr\u00e3o, caso queira inserir uma thumbanil \u00e9 nessa aba.<\/span><\/p><p><img loading=\"lazy\" decoding=\"async\" class=\"alignnone size-full wp-image-2326\" src=\"https:\/\/powerembedded.com.br\/blog\/wp-content\/uploads\/2024\/06\/personalizacao-app.png\" alt=\"\" width=\"931\" height=\"298\" srcset=\"https:\/\/powerembedded.com.br\/blog\/wp-content\/uploads\/2024\/06\/personalizacao-app.png 931w, https:\/\/powerembedded.com.br\/blog\/wp-content\/uploads\/2024\/06\/personalizacao-app-300x96.png 300w, https:\/\/powerembedded.com.br\/blog\/wp-content\/uploads\/2024\/06\/personalizacao-app-768x246.png 768w, https:\/\/powerembedded.com.br\/blog\/wp-content\/uploads\/2024\/06\/personalizacao-app-18x6.png 18w\" sizes=\"(max-width: 931px) 100vw, 931px\" \/><\/p><\/div>\n\t\t\t\t\t\t\t<\/div>\n\t\t<\/div>\n\t\t\t\t\t\t<\/div>\n\t\t\t\t<\/div>\n\t\t\t\t\t<\/div>\n\t\t<\/div>\n\t\t\t\t\t<\/div>\n\t\t<\/section>\n\t\t\t\t<\/div>\n\t\t","protected":false},"excerpt":{"rendered":"<p>Aplicativo O &#8220;modo de compartilhamento de aplicativo&#8221; no Power Embedded refere-se ao m\u00e9todo pelo qual voc\u00ea compartilha conte\u00fado, como relat\u00f3rios, dashboards e relat\u00f3rios externos, tanto dentro quanto fora da sua organiza\u00e7\u00e3o. Esta funcionalidade \u00e9 similar ao que existe no Power BI, mas inclui algumas fun\u00e7\u00f5es extras como o modo TV e seguran\u00e7a a n\u00edvel de&hellip; <br \/> <a class=\"read-more\" href=\"https:\/\/powerembedded.com.br\/blog\/ajuda-aplicativo\/\">Leia mais<\/a><\/p>\n","protected":false},"author":4,"featured_media":0,"parent":0,"menu_order":0,"comment_status":"closed","ping_status":"closed","template":"","meta":{"content-type":"","footnotes":""},"class_list":["post-2305","page","type-page","status-publish","hentry"],"_links":{"self":[{"href":"https:\/\/powerembedded.com.br\/blog\/wp-json\/wp\/v2\/pages\/2305","targetHints":{"allow":["GET"]}}],"collection":[{"href":"https:\/\/powerembedded.com.br\/blog\/wp-json\/wp\/v2\/pages"}],"about":[{"href":"https:\/\/powerembedded.com.br\/blog\/wp-json\/wp\/v2\/types\/page"}],"author":[{"embeddable":true,"href":"https:\/\/powerembedded.com.br\/blog\/wp-json\/wp\/v2\/users\/4"}],"replies":[{"embeddable":true,"href":"https:\/\/powerembedded.com.br\/blog\/wp-json\/wp\/v2\/comments?post=2305"}],"version-history":[{"count":55,"href":"https:\/\/powerembedded.com.br\/blog\/wp-json\/wp\/v2\/pages\/2305\/revisions"}],"predecessor-version":[{"id":3928,"href":"https:\/\/powerembedded.com.br\/blog\/wp-json\/wp\/v2\/pages\/2305\/revisions\/3928"}],"wp:attachment":[{"href":"https:\/\/powerembedded.com.br\/blog\/wp-json\/wp\/v2\/media?parent=2305"}],"curies":[{"name":"wp","href":"https:\/\/api.w.org\/{rel}","templated":true}]}}