{"id":4150,"date":"2024-09-16T21:31:47","date_gmt":"2024-09-17T00:31:47","guid":{"rendered":"https:\/\/powerembedded.com.br\/blog\/?page_id=4150"},"modified":"2024-09-24T15:49:07","modified_gmt":"2024-09-24T18:49:07","slug":"ajuda-assinatura-de-relatorio","status":"publish","type":"page","link":"https:\/\/powerembedded.com.br\/blog\/ajuda-assinatura-de-relatorio\/","title":{"rendered":"Ajuda &#8211; Assinatura de relat\u00f3rio"},"content":{"rendered":"<div id=\"ez-toc-container\" class=\"ez-toc-v2_0_82_2 counter-hierarchy ez-toc-counter ez-toc-grey ez-toc-container-direction\">\n<div class=\"ez-toc-title-container\">\n<p class=\"ez-toc-title\" style=\"cursor:inherit\">Table of Contents<\/p>\n<span class=\"ez-toc-title-toggle\"><a href=\"#\" class=\"ez-toc-pull-right ez-toc-btn ez-toc-btn-xs ez-toc-btn-default ez-toc-toggle\" aria-label=\"Alternar tabela de conte\u00fado\"><span class=\"ez-toc-js-icon-con\"><span class=\"\"><span class=\"eztoc-hide\" style=\"display:none;\">Toggle<\/span><span class=\"ez-toc-icon-toggle-span\"><svg style=\"fill: #999;color:#999\" xmlns=\"http:\/\/www.w3.org\/2000\/svg\" class=\"list-377408\" width=\"20px\" height=\"20px\" viewBox=\"0 0 24 24\" fill=\"none\"><path d=\"M6 6H4v2h2V6zm14 0H8v2h12V6zM4 11h2v2H4v-2zm16 0H8v2h12v-2zM4 16h2v2H4v-2zm16 0H8v2h12v-2z\" fill=\"currentColor\"><\/path><\/svg><svg style=\"fill: #999;color:#999\" class=\"arrow-unsorted-368013\" xmlns=\"http:\/\/www.w3.org\/2000\/svg\" width=\"10px\" height=\"10px\" viewBox=\"0 0 24 24\" version=\"1.2\" baseProfile=\"tiny\"><path d=\"M18.2 9.3l-6.2-6.3-6.2 6.3c-.2.2-.3.4-.3.7s.1.5.3.7c.2.2.4.3.7.3h11c.3 0 .5-.1.7-.3.2-.2.3-.5.3-.7s-.1-.5-.3-.7zM5.8 14.7l6.2 6.3 6.2-6.3c.2-.2.3-.5.3-.7s-.1-.5-.3-.7c-.2-.2-.4-.3-.7-.3h-11c-.3 0-.5.1-.7.3-.2.2-.3.5-.3.7s.1.5.3.7z\"\/><\/svg><\/span><\/span><\/span><\/a><\/span><\/div>\n<nav><ul class='ez-toc-list ez-toc-list-level-1 ' ><li class='ez-toc-page-1 ez-toc-heading-level-2'><a class=\"ez-toc-link ez-toc-heading-1\" href=\"https:\/\/powerembedded.com.br\/blog\/ajuda-assinatura-de-relatorio\/#Ajuda_%E2%80%93_Assinatura_de_Relatorio\" >Ajuda &#8211; Assinatura de Relat\u00f3rio<\/a><ul class='ez-toc-list-level-3' ><li class='ez-toc-heading-level-3'><a class=\"ez-toc-link ez-toc-heading-2\" href=\"https:\/\/powerembedded.com.br\/blog\/ajuda-assinatura-de-relatorio\/#Gerenciamento_de_Assinatura_de_Relatorios\" >Gerenciamento de Assinatura de Relat\u00f3rios<\/a><\/li><li class='ez-toc-page-1 ez-toc-heading-level-3'><a class=\"ez-toc-link ez-toc-heading-3\" href=\"https:\/\/powerembedded.com.br\/blog\/ajuda-assinatura-de-relatorio\/#Como_criar_uma_Assinaturas_de_Relatorios\" >Como criar uma Assinaturas de Relat\u00f3rios?<\/a><\/li><li class='ez-toc-page-1 ez-toc-heading-level-3'><a class=\"ez-toc-link ez-toc-heading-4\" href=\"https:\/\/powerembedded.com.br\/blog\/ajuda-assinatura-de-relatorio\/#Conta_SMTP_personalizada\" >Conta SMTP personalizada<\/a><\/li><\/ul><\/li><\/ul><\/nav><\/div>\n<h2><span class=\"ez-toc-section\" id=\"Ajuda_%E2%80%93_Assinatura_de_Relatorio\"><\/span>Ajuda &#8211; Assinatura de Relat\u00f3rio<span class=\"ez-toc-section-end\"><\/span><\/h2>\n<p>A assinatura de relat\u00f3rio \u00e9 um recurso que permite aos usu\u00e1rios com a permiss\u00e3o adequada configurar o envio autom\u00e1tico de relat\u00f3rios por e-mail com base em uma programa\u00e7\u00e3o definida. Esse recurso \u00e9 uma ferramenta poderosa para garantir que informa\u00e7\u00f5es importantes sejam entregues de maneira consistente e pontual, e facilitando a an\u00e1lise de dados para usu\u00e1rios que gostam de receber as informa\u00e7\u00f5es por e-mail sem precisar acessar o portal.<\/p>\n<p>&nbsp;<\/p>\n<p><img fetchpriority=\"high\" decoding=\"async\" class=\"alignnone size-full wp-image-4142\" src=\"https:\/\/powerembedded.com.br\/blog\/wp-content\/uploads\/2024\/09\/Captura-de-tela-2024-09-16-211449.png\" alt=\"\" width=\"850\" height=\"465\" srcset=\"https:\/\/powerembedded.com.br\/blog\/wp-content\/uploads\/2024\/09\/Captura-de-tela-2024-09-16-211449.png 850w, https:\/\/powerembedded.com.br\/blog\/wp-content\/uploads\/2024\/09\/Captura-de-tela-2024-09-16-211449-300x164.png 300w, https:\/\/powerembedded.com.br\/blog\/wp-content\/uploads\/2024\/09\/Captura-de-tela-2024-09-16-211449-768x420.png 768w, https:\/\/powerembedded.com.br\/blog\/wp-content\/uploads\/2024\/09\/Captura-de-tela-2024-09-16-211449-18x10.png 18w\" sizes=\"(max-width: 850px) 100vw, 850px\" \/><\/p>\n<p>&nbsp;<\/p>\n<h3><span class=\"ez-toc-section\" id=\"Gerenciamento_de_Assinatura_de_Relatorios\"><\/span>Gerenciamento de Assinatura de Relat\u00f3rios<span class=\"ez-toc-section-end\"><\/span><\/h3>\n<p>No menu de gerenciamento de assinaturas de relat\u00f3rios, voc\u00ea pode visualizar quais relat\u00f3rios possuem assinaturas ativas e acompanhar a frequ\u00eancia com que esses relat\u00f3rios s\u00e3o enviados. Essa funcionalidade oferece uma vis\u00e3o detalhada das assinaturas existentes, facilitando o gerenciamento e a supervis\u00e3o, e garantindo que voc\u00ea esteja sempre atualizado sobre as assinaturas criadas. Al\u00e9m disso, nesse mesmo menu, ao clicar em <strong>A\u00e7\u00f5es<\/strong>, voc\u00ea pode remover assinaturas de relat\u00f3rios e editar as informa\u00e7\u00f5es existentes.<\/p>\n<p>&nbsp;<\/p>\n<p><img decoding=\"async\" class=\"alignnone size-full wp-image-4205\" src=\"https:\/\/powerembedded.com.br\/blog\/wp-content\/uploads\/2024\/09\/Captura-de-tela-2024-09-24-153809.png\" alt=\"\" width=\"1205\" height=\"564\" srcset=\"https:\/\/powerembedded.com.br\/blog\/wp-content\/uploads\/2024\/09\/Captura-de-tela-2024-09-24-153809.png 1205w, https:\/\/powerembedded.com.br\/blog\/wp-content\/uploads\/2024\/09\/Captura-de-tela-2024-09-24-153809-300x140.png 300w, https:\/\/powerembedded.com.br\/blog\/wp-content\/uploads\/2024\/09\/Captura-de-tela-2024-09-24-153809-1024x479.png 1024w, https:\/\/powerembedded.com.br\/blog\/wp-content\/uploads\/2024\/09\/Captura-de-tela-2024-09-24-153809-768x359.png 768w, https:\/\/powerembedded.com.br\/blog\/wp-content\/uploads\/2024\/09\/Captura-de-tela-2024-09-24-153809-18x8.png 18w\" sizes=\"(max-width: 1205px) 100vw, 1205px\" \/><\/p>\n<p>&nbsp;<\/p>\n<h3><span class=\"ez-toc-section\" id=\"Como_criar_uma_Assinaturas_de_Relatorios\"><\/span>Como criar uma Assinaturas de Relat\u00f3rios?<span class=\"ez-toc-section-end\"><\/span><\/h3>\n<span class=\"collapseomatic \" id=\"id69efd781736a1\"  tabindex=\"0\" title=\"Como criar uma Assinaturas de Relat\u00f3rios\"    >Como criar uma Assinaturas de Relat\u00f3rios<\/span><div id=\"target-id69efd781736a1\" class=\"collapseomatic_content \">\n<p>Para criar uma assinatura de relat\u00f3rio, o usu\u00e1rio deve ter a permiss\u00e3o \u201cPode gerenciar assinaturas de email\u201d ativada no seu perfil ou grupo.<\/p>\n<p>Ao clicar em <strong>Arquivo &gt; Assinar Relat\u00f3rio<\/strong>, ser\u00e1 exibida uma tela onde o usu\u00e1rio pode configurar a assinatura do relat\u00f3rio. Nesta tela, \u00e9 poss\u00edvel definir o nome da assinatura e preencher os campos do e-mail, incluindo o t\u00edtulo que ser\u00e1 exibido ao usu\u00e1rio e a mensagem no corpo do e-mail.<\/p>\n<p>Al\u00e9m disso, voc\u00ea pode adicionar destinat\u00e1rios, permitindo a inclus\u00e3o de m\u00faltiplos e-mails separados por v\u00edrgula (certifique-se de que os e-mails estejam cadastrados no portal e tenham acesso ao relat\u00f3rio). Tamb\u00e9m \u00e9 poss\u00edvel escolher o formato do relat\u00f3rio, que pode ser PDF ou PowerPoint, e configurar os par\u00e2metros de data para a assinatura, especificando a frequ\u00eancia e as datas de envio.<\/p>\n<p>&nbsp;<\/p>\n<p><img decoding=\"async\" class=\"alignnone size-full wp-image-4136\" src=\"https:\/\/powerembedded.com.br\/blog\/wp-content\/uploads\/2024\/09\/Captura-de-tela-2024-09-16-205704.png\" alt=\"\" width=\"457\" height=\"838\" srcset=\"https:\/\/powerembedded.com.br\/blog\/wp-content\/uploads\/2024\/09\/Captura-de-tela-2024-09-16-205704.png 457w, https:\/\/powerembedded.com.br\/blog\/wp-content\/uploads\/2024\/09\/Captura-de-tela-2024-09-16-205704-164x300.png 164w, https:\/\/powerembedded.com.br\/blog\/wp-content\/uploads\/2024\/09\/Captura-de-tela-2024-09-16-205704-7x12.png 7w\" sizes=\"(max-width: 457px) 100vw, 457px\" \/><\/p>\n<p>Ao configurar sua assinatura de relat\u00f3rio, \u00e9 necess\u00e1rio salv\u00e1-la e habilitar a regra para que ela funcione conforme o planejado. Para isso, marque o checkbox correspondente, que ficar\u00e1 azul quando ativado. Ap\u00f3s concluir essas etapas, sua assinatura estar\u00e1 criada com sucesso.<\/p>\n<p><strong>Pontos importantes da assinatura de relat\u00f3rio.<\/strong><\/p>\n<p>\u2013 Todos os destinat\u00e1rios devem estar cadastrados no portal e ter acesso ao relat\u00f3rio.<br \/>\n\u2013 Ao clicar em salvar a assinatura n\u00e3o esque\u00e7a de habilitar.<br \/>\n\u2013 Se o relat\u00f3rio utilizar Row-Level Security (RLS), a configura\u00e7\u00e3o deve estar correta para garantir que os dados estejam adequadamente filtrados para cada destinat\u00e1rio. <a href=\"https:\/\/powerembedded.com.br\/blog\/assinatura-de-e-mail-com-rls\/\">RLS na assinatura de relat\u00f3rio.<\/a><\/p>\n<\/div>\n<p>&nbsp;<\/p>\n<h3><span class=\"ez-toc-section\" id=\"Conta_SMTP_personalizada\"><\/span>Conta SMTP personalizada<span class=\"ez-toc-section-end\"><\/span><\/h3>\n<p>Embora o envio de e-mails no Power Embedded n\u00e3o exija uma conta SMTP personalizada (por padr\u00e3o, os e-mails s\u00e3o enviados a partir de <a rel=\"noopener\">notificacoes@powerembedded.com<\/a>), muitos clientes optam por configurar uma conta SMTP personalizada para que o remetente seja o e-mail da pr\u00f3pria empresa. Para configurar uma conta SMTP personalizada:<\/p>\n<p><strong>Acesse o Portal de Administra\u00e7\u00e3o,<\/strong> v\u00e1 para <strong>Configura\u00e7\u00f5es &gt; E-mails<\/strong> e preencha as informa\u00e7\u00f5es necess\u00e1rias para cadastrar a conta.<\/p>\n<p><img loading=\"lazy\" decoding=\"async\" class=\"alignnone size-full wp-image-4153\" src=\"https:\/\/powerembedded.com.br\/blog\/wp-content\/uploads\/2024\/09\/Captura-de-tela-2024-09-16-215637.png\" alt=\"\" width=\"922\" height=\"648\" srcset=\"https:\/\/powerembedded.com.br\/blog\/wp-content\/uploads\/2024\/09\/Captura-de-tela-2024-09-16-215637.png 922w, https:\/\/powerembedded.com.br\/blog\/wp-content\/uploads\/2024\/09\/Captura-de-tela-2024-09-16-215637-300x211.png 300w, https:\/\/powerembedded.com.br\/blog\/wp-content\/uploads\/2024\/09\/Captura-de-tela-2024-09-16-215637-768x540.png 768w, https:\/\/powerembedded.com.br\/blog\/wp-content\/uploads\/2024\/09\/Captura-de-tela-2024-09-16-215637-18x12.png 18w\" sizes=\"(max-width: 922px) 100vw, 922px\" \/><\/p>\n","protected":false},"excerpt":{"rendered":"<p>Ajuda &#8211; Assinatura de Relat\u00f3rio A assinatura de relat\u00f3rio \u00e9 um recurso que permite aos usu\u00e1rios com a permiss\u00e3o adequada configurar o envio autom\u00e1tico de relat\u00f3rios por e-mail com base em uma programa\u00e7\u00e3o definida. Esse recurso \u00e9 uma ferramenta poderosa para garantir que informa\u00e7\u00f5es importantes sejam entregues de maneira consistente e pontual, e facilitando a&hellip; <br \/> <a class=\"read-more\" href=\"https:\/\/powerembedded.com.br\/blog\/ajuda-assinatura-de-relatorio\/\">Leia mais<\/a><\/p>\n","protected":false},"author":4,"featured_media":0,"parent":0,"menu_order":0,"comment_status":"closed","ping_status":"closed","template":"","meta":{"content-type":"","footnotes":""},"class_list":["post-4150","page","type-page","status-publish","hentry"],"_links":{"self":[{"href":"https:\/\/powerembedded.com.br\/blog\/wp-json\/wp\/v2\/pages\/4150","targetHints":{"allow":["GET"]}}],"collection":[{"href":"https:\/\/powerembedded.com.br\/blog\/wp-json\/wp\/v2\/pages"}],"about":[{"href":"https:\/\/powerembedded.com.br\/blog\/wp-json\/wp\/v2\/types\/page"}],"author":[{"embeddable":true,"href":"https:\/\/powerembedded.com.br\/blog\/wp-json\/wp\/v2\/users\/4"}],"replies":[{"embeddable":true,"href":"https:\/\/powerembedded.com.br\/blog\/wp-json\/wp\/v2\/comments?post=4150"}],"version-history":[{"count":14,"href":"https:\/\/powerembedded.com.br\/blog\/wp-json\/wp\/v2\/pages\/4150\/revisions"}],"predecessor-version":[{"id":4207,"href":"https:\/\/powerembedded.com.br\/blog\/wp-json\/wp\/v2\/pages\/4150\/revisions\/4207"}],"wp:attachment":[{"href":"https:\/\/powerembedded.com.br\/blog\/wp-json\/wp\/v2\/media?parent=4150"}],"curies":[{"name":"wp","href":"https:\/\/api.w.org\/{rel}","templated":true}]}}